{"id":2,"date":"2015-02-19T04:39:32","date_gmt":"2015-02-19T04:39:33","guid":{"rendered":"http:\/\/localhost:8080\/wordpress-4.1.1\/wordpress\/?page_id=2"},"modified":"2025-02-15T21:04:54","modified_gmt":"2025-02-15T21:04:54","slug":"sample-page","status":"publish","type":"page","link":"https:\/\/www.new-fantasia-art.com\/?page_id=2","title":{"rendered":"Vorwort \/ Einleitung zum Buch"},"content":{"rendered":"<p style=\"text-align: center;\">Vorwort:<\/p>\n<p style=\"text-align: center;\"><strong>Wir stehen heute an der Schwelle zu einem phantastischen Abenteuer: Das neue Zeitalter des Wassermanns. Doch welche Ver\u00e4nderungen in dieser \u00dcbergangszeit uns Menschen noch bevorstehen, k\u00f6nnen wir nur erahnen.<\/strong><br \/>\n<strong> Auf jeden Fall braucht es innere und \u00e4u\u00dfere aktive Beteiligung und Mitverantwortung bei diesem globalen Wandlungsprozess. Dieses Online-Buch soll keine neuen Lehren oder esoterisches Grundwissen verbreiten, sondern die heutige Zeit der Bewusstseinserweiterung und der damit verbundenen Arbeiten unterst\u00fctzen helfen.<\/strong><\/p>\n<p>Erkenntnisse der wichtigsten Ebenen von Dies- und Jenseits, sind mir in vielen Visionen und sogenannten Klartr\u00e4umen, (Traumerfahrungen mit luzidem Bewusstsein) \u00fcbermittelt worden. Sie bilden die Grundlage f\u00fcr eine erweiterte Auffassung der ganzheitlichen Realit\u00e4t, wie sie im neuen Zeitalter zum Ausdruck kommen wird. In einer Art &#171;Augen au\u00dferhalb von Zeit und Raum\u201c, wurde mir Einsicht gew\u00e4hrt in den gro\u00dfen Plan der Sch\u00f6pfung, soweit er f\u00fcr das menschliche Bewusstsein von Bedeutung ist. In einer verbundenen Sichtweise erl\u00e4utere ich die 8 Hauptdimensionen des Menschen. Anhand von allt\u00e4glichen Erfahrungen, komme ich dabei auf interessante Zusammenh\u00e4nge. So gelange ich zu einer Lebensauffassung, in der bestimmte erkennbare Muster und ein tiefer Sinn f\u00fcr&#8217;s Leben sichtbar werden. Mit Worten ist dies schwer zu beschreiben: Es ist, als ob man in sich selbst eine Art \u201eJungbrunnen\u201c entdeckt, eine st\u00e4ndige Quelle der Freude, Ruhe und Wahrheit die dem Herzen entspringt. Vielleicht gelingt es mir, so manchem aufmerksamen Leser eine Art &#171;Schl\u00fcssel&#187; zu \u00fcberreichen um die eigenen &#171;inneren Tore&#187; zu \u00f6ffnen, die zu den wahren Sch\u00e4tzen von Geist und Seele f\u00fchren. Auch liegt mir viel daran, mitzuhelfen unn\u00f6tige Angstblockaden zu beseitigen. Denn diese behindern das ganze Wesen, das wir in Wahrheit verk\u00f6rpern. In Kombination mit tief eingepr\u00e4gten dualistischen &#171;Nachtodes-Szenarien&#187; oder den falschen Darstellung von &#171;Himmel &amp; H\u00f6lle&#187; wie sie\u00a0 vorallem von den Kirchen oder Religionsfanatiker bis in die heutige Zeit verbreitet werden, sind sie manchmal besonders tief in die Pers\u00f6nlichkeit eingepr\u00e4gt.<\/p>\n<p>Stets wurde mein Leben von einem eigenartigen &#187; \u00fcberweltlichen Sehnen&#187; begleitet: Dem vollst\u00e4ndigen Erfassen meines ganzen Bewusstseins und der damit verbundenen K\u00f6rper in ihren Sph\u00e4ren. So gewann ich also meine vielen Erkenntnisse nicht aus Weltflucht, sondern mein inneres Selbst (h\u00f6heres Ich) unterwies mich Schritt f\u00fcr Schritt in eine der Welt \u00fcbergeordneten Realit\u00e4t, in der wir Menschen heimisch sind.<\/p>\n<p>Wenn ich Erkl\u00e4rungen mache, die nicht auf eigenen Erkenntnissen beruhen, weise ich mit den entsprechenden Quellenangaben darauf hin. Doch diese &#171;fremden Einfl\u00fcsse&#187; sind relativ selten, denn das Buch baut mehrheitlich auf eigenen Erfahrungen auf. Au\u00dferdem ist es bewusst so gegliedert, dass man es numerisch, entsprechend der Seiten oder nach einzelnen Kapiteln durchgehen kann. Jedes der neun Hauptkapitel ist also in sich abgeschlossen. Jetzt bleibt mir nur noch viel Freude und Klarheit bei der Lekt\u00fcre zu w\u00fcnschen.<\/p>\n<p>Bin gespannt auf interessante Fragen, Hinweise und Kritik. Ich werde alle ernstgemeinten Zuschriften lesen und beantworten.<\/p>\n<p style=\"text-align: center;\">Eurer &#171;Arias&#187;<\/p>\n<p style=\"text-align: center;\">PS: Das vollst\u00e4ndige Manuskript &#171;Der Mensch, das ewige Wesen&#187; wird hier als ca. 200 seitiges Pdf , oder als gedrucktes Buch dem Leser zur Verf\u00fcgung stehen.<\/p>\n<p style=\"text-align: center;\">\u00a0copyright 2025 by Daniel Arias Korsak, Basel Schweiz<\/p>\n<p style=\"text-align: center;\">\n","protected":false},"excerpt":{"rendered":"<p>Vorwort: Wir stehen heute an der Schwelle zu einem phantastischen Abenteuer: Das neue Zeitalter des Wassermanns. Doch welche Ver\u00e4nderungen in dieser \u00dcbergangszeit uns Menschen noch bevorstehen, k\u00f6nnen wir nur erahnen. Auf jeden Fall braucht es innere und \u00e4u\u00dfere aktive Beteiligung und Mitverantwortung bei diesem globalen Wandlungsprozess. Dieses Online-Buch soll keine neuen Lehren oder esoterisches Grundwissen verbreiten, sondern die heutige Zeit der Bewusstseinserweiterung und der damit verbundenen Arbeiten unterst\u00fctzen helfen. Erkenntnisse der wichtigsten Ebenen von Dies- und Jenseits, sind mir in vielen Visionen und sogenannten Klartr\u00e4umen, (Traumerfahrungen mit luzidem Bewusstsein) \u00fcbermittelt worden. Sie bilden die Grundlage f\u00fcr eine erweiterte Auffassung der ganzheitlichen Realit\u00e4t, wie sie im neuen Zeitalter zum Ausdruck kommen [&hellip;]<\/p>\n","protected":false},"author":2,"featured_media":119,"parent":0,"menu_order":0,"comment_status":"open","ping_status":"open","template":"","meta":{"footnotes":""},"class_list":["post-2","page","type-page","status-publish","has-post-thumbnail","hentry"],"_links":{"self":[{"href":"https:\/\/www.new-fantasia-art.com\/index.php?rest_route=\/wp\/v2\/pages\/2","targetHints":{"allow":["GET"]}}],"collection":[{"href":"https:\/\/www.new-fantasia-art.com\/index.php?rest_route=\/wp\/v2\/pages"}],"about":[{"href":"https:\/\/www.new-fantasia-art.com\/index.php?rest_route=\/wp\/v2\/types\/page"}],"author":[{"embeddable":true,"href":"https:\/\/www.new-fantasia-art.com\/index.php?rest_route=\/wp\/v2\/users\/2"}],"replies":[{"embeddable":true,"href":"https:\/\/www.new-fantasia-art.com\/index.php?rest_route=%2Fwp%2Fv2%2Fcomments&post=2"}],"version-history":[{"count":9,"href":"https:\/\/www.new-fantasia-art.com\/index.php?rest_route=\/wp\/v2\/pages\/2\/revisions"}],"predecessor-version":[{"id":182,"href":"https:\/\/www.new-fantasia-art.com\/index.php?rest_route=\/wp\/v2\/pages\/2\/revisions\/182"}],"wp:featuredmedia":[{"embeddable":true,"href":"https:\/\/www.new-fantasia-art.com\/index.php?rest_route=\/wp\/v2\/media\/119"}],"wp:attachment":[{"href":"https:\/\/www.new-fantasia-art.com\/index.php?rest_route=%2Fwp%2Fv2%2Fmedia&parent=2"}],"curies":[{"name":"wp","href":"https:\/\/api.w.org\/{rel}","templated":true}]}}