{"id":42,"date":"2015-04-09T11:51:34","date_gmt":"2015-04-09T11:51:34","guid":{"rendered":"http:\/\/www.new-fantasia-art.com\/?page_id=42"},"modified":"2022-03-13T02:37:58","modified_gmt":"2022-03-13T02:37:58","slug":"kapitel-3-der-schluessel","status":"publish","type":"page","link":"https:\/\/www.new-fantasia-art.com\/?page_id=42","title":{"rendered":"Kapitel 3 Der Schl\u00fcssel"},"content":{"rendered":"<p>DER SPIRITUELLE GLEICHGEWICHTS-SCHL\u00dcSSEL :<\/p>\n<p>1. Wahrhaftigkeit&#8212;&#8212;-Die eigene Wahrheit empfinden und aussprechen<br \/>\n2. Offenheit&#8212;&#8212;&#8212;&#8212;Sich \u00f6ffnen und offen sein f\u00fcr Neues<br \/>\n3. Distanz&#8212;&#8212;&#8212;&#8212;&#8211;Empfindung f\u00fcr den richtigen Abstand und N\u00e4he<br \/>\n4. ewiger Blickwinkel&#8212; Das t\u00e4gliche Sein als ewiges Leben empfinden<br \/>\n5. Haltung&#8212;&#8212;&#8212;&#8212;&#8211;Die Freude in jedem Augenblick bewahren<br \/>\n6. Verinnerlichung&#8212;&#8211;Mit Leichtigkeit und Herzaugen schauen<br \/>\n7. Echtes Tun&#8212;&#8212;&#8212;&#8211;Alles was man tut, als echt und sinnvoll erkennen<br \/>\n8. Rechtschaffenheit&#8212;-Das Selbst als w\u00fcrdig und wertvoll ansehen<\/p>\n","protected":false},"excerpt":{"rendered":"<p>DER SPIRITUELLE GLEICHGEWICHTS-SCHL\u00dcSSEL : 1. Wahrhaftigkeit&#8212;&#8212;-Die eigene Wahrheit empfinden und aussprechen 2. Offenheit&#8212;&#8212;&#8212;&#8212;Sich \u00f6ffnen und offen sein f\u00fcr Neues 3. Distanz&#8212;&#8212;&#8212;&#8212;&#8211;Empfindung f\u00fcr den richtigen Abstand und N\u00e4he 4. ewiger Blickwinkel&#8212; Das t\u00e4gliche Sein als ewiges Leben empfinden 5. Haltung&#8212;&#8212;&#8212;&#8212;&#8211;Die Freude in jedem Augenblick bewahren 6. Verinnerlichung&#8212;&#8211;Mit Leichtigkeit und Herzaugen schauen 7. Echtes Tun&#8212;&#8212;&#8212;&#8211;Alles was man tut, als echt und sinnvoll erkennen 8. Rechtschaffenheit&#8212;-Das Selbst als w\u00fcrdig und wertvoll ansehen<\/p>\n","protected":false},"author":2,"featured_media":35,"parent":0,"menu_order":1,"comment_status":"open","ping_status":"open","template":"","meta":{"footnotes":""},"class_list":["post-42","page","type-page","status-publish","has-post-thumbnail","hentry"],"_links":{"self":[{"href":"https:\/\/www.new-fantasia-art.com\/index.php?rest_route=\/wp\/v2\/pages\/42","targetHints":{"allow":["GET"]}}],"collection":[{"href":"https:\/\/www.new-fantasia-art.com\/index.php?rest_route=\/wp\/v2\/pages"}],"about":[{"href":"https:\/\/www.new-fantasia-art.com\/index.php?rest_route=\/wp\/v2\/types\/page"}],"author":[{"embeddable":true,"href":"https:\/\/www.new-fantasia-art.com\/index.php?rest_route=\/wp\/v2\/users\/2"}],"replies":[{"embeddable":true,"href":"https:\/\/www.new-fantasia-art.com\/index.php?rest_route=%2Fwp%2Fv2%2Fcomments&post=42"}],"version-history":[{"count":5,"href":"https:\/\/www.new-fantasia-art.com\/index.php?rest_route=\/wp\/v2\/pages\/42\/revisions"}],"predecessor-version":[{"id":154,"href":"https:\/\/www.new-fantasia-art.com\/index.php?rest_route=\/wp\/v2\/pages\/42\/revisions\/154"}],"wp:featuredmedia":[{"embeddable":true,"href":"https:\/\/www.new-fantasia-art.com\/index.php?rest_route=\/wp\/v2\/media\/35"}],"wp:attachment":[{"href":"https:\/\/www.new-fantasia-art.com\/index.php?rest_route=%2Fwp%2Fv2%2Fmedia&parent=42"}],"curies":[{"name":"wp","href":"https:\/\/api.w.org\/{rel}","templated":true}]}}